{"id":4010,"date":"2025-12-04T05:17:09","date_gmt":"2025-12-04T02:17:09","guid":{"rendered":"https:\/\/www.kehl.ind.br\/?post_type=product&#038;p=4010"},"modified":"2025-12-04T05:32:20","modified_gmt":"2025-12-04T02:32:20","slug":"martelo-de-poliuretano-grande-2-durezas-400g","status":"publish","type":"product","link":"https:\/\/www.kehl.ind.br\/?product=martelo-de-poliuretano-grande-2-durezas-400g","title":{"rendered":"Martelo De Poliuretano Grande 2 Durezas 400g"},"content":{"rendered":"<p>O Martelo de Poliuretano Grande 2 Durezas 400G da marca Kehl Pol\u00edmeros \u00e9 a ferramenta ideal para profissionais e entusiastas que buscam precisao e eficiencia em seus projetos. Com um peso de 650g total (ponta com 400G), este martelo oferece um equil\u00edbrio perfeito entre forca e controle, permitindo que voce trabalhe com confianca em diversas aplicacoes. A cabeca do martelo \u00e9 feita de poliuretano, um material que proporciona resistencia e durabilidade, enquanto o cabo ergonomico, confeccionado em fibra de vidro com revestimento emborrachado, garante conforto e seguranca durante o uso. O design antiretorno evita acidentes, tornando-o uma escolha segura para qualquer tarefa. Com o modelo MPU400, voce ter\u00e1 a versatilidade de duas durezas, adaptando-se facilmente as suas necessidades espec\u00edficas. Este martelo \u00e9 ideal para trabalhos que exigem precisao, como montagem de pecas e acabamentos, tornando-se um aliado indispens\u00e1vel em sua caixa de ferramentas. N\u00e3o solta faiscas, feito de elast\u00f4mero com baixo retorno.<\/p>\n","protected":false},"excerpt":{"rendered":"<p>O Martelo de Poliuretano Grande 2 Durezas 400G da marca Kehl Pol\u00edmeros \u00e9 a ferramenta ideal para profissionais e entusiastas que buscam precisao e eficiencia em seus projetos. Com um&#8230;<\/p>\n","protected":false},"featured_media":4021,"template":"","meta":{"_acf_changed":false},"product_brand":[],"product_cat":[76],"product_tag":[77,78],"class_list":{"0":"post-4010","1":"product","2":"type-product","3":"status-publish","4":"has-post-thumbnail","6":"product_cat-martelos","7":"product_tag-martelo","8":"product_tag-poliuretano","10":"first","11":"instock","12":"purchasable","13":"product-type-simple"},"acf":[],"_links":{"self":[{"href":"https:\/\/www.kehl.ind.br\/index.php?rest_route=\/wp\/v2\/product\/4010","targetHints":{"allow":["GET"]}}],"collection":[{"href":"https:\/\/www.kehl.ind.br\/index.php?rest_route=\/wp\/v2\/product"}],"about":[{"href":"https:\/\/www.kehl.ind.br\/index.php?rest_route=\/wp\/v2\/types\/product"}],"version-history":[{"count":1,"href":"https:\/\/www.kehl.ind.br\/index.php?rest_route=\/wp\/v2\/product\/4010\/revisions"}],"predecessor-version":[{"id":4016,"href":"https:\/\/www.kehl.ind.br\/index.php?rest_route=\/wp\/v2\/product\/4010\/revisions\/4016"}],"wp:featuredmedia":[{"embeddable":true,"href":"https:\/\/www.kehl.ind.br\/index.php?rest_route=\/wp\/v2\/media\/4021"}],"wp:attachment":[{"href":"https:\/\/www.kehl.ind.br\/index.php?rest_route=%2Fwp%2Fv2%2Fmedia&parent=4010"}],"wp:term":[{"taxonomy":"product_brand","embeddable":true,"href":"https:\/\/www.kehl.ind.br\/index.php?rest_route=%2Fwp%2Fv2%2Fproduct_brand&post=4010"},{"taxonomy":"product_cat","embeddable":true,"href":"https:\/\/www.kehl.ind.br\/index.php?rest_route=%2Fwp%2Fv2%2Fproduct_cat&post=4010"},{"taxonomy":"product_tag","embeddable":true,"href":"https:\/\/www.kehl.ind.br\/index.php?rest_route=%2Fwp%2Fv2%2Fproduct_tag&post=4010"}],"curies":[{"name":"wp","href":"https:\/\/api.w.org\/{rel}","templated":true}]}}