{"id":3938,"date":"2025-10-26T06:38:50","date_gmt":"2025-10-26T03:38:50","guid":{"rendered":"https:\/\/www.kehl.ind.br\/?product=hms-30-sache-selante-silicone-hibrido-pu-900g"},"modified":"2025-11-13T20:58:25","modified_gmt":"2025-11-13T17:58:25","slug":"hms-30-sache-selante-silicone-hibrido-pu-900g","status":"publish","type":"product","link":"https:\/\/www.kehl.ind.br\/?product=hms-30-sache-selante-silicone-hibrido-pu-900g","title":{"rendered":"HMS-30 Sache Selante Silicone Hibrido Pu 900g"},"content":{"rendered":"<h3>HMS-30 Sache Selante Silicone Hibrido Pu 900g<\/h3>\n<p>Resina poliuret\u00e2nica h\u00edbrida monocomponente de propriedade flex\u00edvel &#8211; 30 shore e alif\u00e1tica. Indicada para tratamentos de trincas e emendas em telhas e calhas<\/p>\n<div class=\"mb-8\">\n<h4 class=\"flex items-center gap-3 mb-6\"><span class=\"text-2xl sm:text-3xl font-bold text-red-500 tracking-tight\"><br \/>\nDados T\u00e9cnicos<\/span><\/h4>\n<div class=\"flex flex-col gap-2\">\n<div class=\"flex items-center gap-2\">\n<p class=\"text-gray-100 text-sm sm:text-base\">Resist\u00eancia t\u00e9rmica de -30\u00b0C a 120\u00b0C<\/p>\n<\/div>\n<div class=\"flex items-center gap-2\">\n<p class=\"text-gray-100 text-sm sm:text-base\">Resistente \u00e0 hidr\u00f3lise a temperaturas acima de 250\u00baC<\/p>\n<\/div>\n<div class=\"flex items-center gap-2\">\n<p class=\"text-gray-100 text-sm sm:text-base\">N\u00e3o sofre com radia\u00e7\u00e3o UV<\/p>\n<\/div>\n<div class=\"flex items-center gap-2\">\n<p class=\"text-gray-100 text-sm sm:text-base\">Dureza 30 shore com flexibilidade elevada<\/p>\n<\/div>\n<div class=\"flex items-center gap-2\">\n<p class=\"text-gray-100 text-sm sm:text-base\">Tecnologia exclusiva<\/p>\n<\/div>\n<div class=\"flex items-center gap-2\">\n<p class=\"text-gray-100 text-sm sm:text-base\">Isolamento t\u00e9rmico por reflex\u00e3o &#8211; cor branca<\/p>\n<\/div>\n<div class=\"flex items-center gap-2\">\n<p class=\"text-gray-100 text-sm sm:text-base\">N\u00e3o trafeg\u00e1vel<\/p>\n<\/div>\n<div class=\"flex items-center gap-2\">\n<p class=\"text-gray-100 text-sm sm:text-base\">Pele em 30 minutos<\/p>\n<\/div>\n<\/div>\n<\/div>\n","protected":false},"excerpt":{"rendered":"<p>HMS-30 Sache Selante Silicone Hibrido Pu 900g Resina poliuret\u00e2nica h\u00edbrida monocomponente de propriedade flex\u00edvel &#8211; 30 shore e alif\u00e1tica. Indicada para tratamentos de trincas e emendas em telhas e calhas&#8230;<\/p>\n","protected":false},"featured_media":3949,"template":"","meta":{"_acf_changed":false},"product_brand":[],"product_cat":[74],"product_tag":[75],"class_list":{"0":"post-3938","1":"product","2":"type-product","3":"status-publish","4":"has-post-thumbnail","6":"product_cat-construcao-civil","7":"product_tag-selantes","9":"first","10":"instock","11":"purchasable","12":"product-type-simple"},"acf":[],"_links":{"self":[{"href":"https:\/\/www.kehl.ind.br\/index.php?rest_route=\/wp\/v2\/product\/3938","targetHints":{"allow":["GET"]}}],"collection":[{"href":"https:\/\/www.kehl.ind.br\/index.php?rest_route=\/wp\/v2\/product"}],"about":[{"href":"https:\/\/www.kehl.ind.br\/index.php?rest_route=\/wp\/v2\/types\/product"}],"version-history":[{"count":2,"href":"https:\/\/www.kehl.ind.br\/index.php?rest_route=\/wp\/v2\/product\/3938\/revisions"}],"predecessor-version":[{"id":3951,"href":"https:\/\/www.kehl.ind.br\/index.php?rest_route=\/wp\/v2\/product\/3938\/revisions\/3951"}],"wp:featuredmedia":[{"embeddable":true,"href":"https:\/\/www.kehl.ind.br\/index.php?rest_route=\/wp\/v2\/media\/3949"}],"wp:attachment":[{"href":"https:\/\/www.kehl.ind.br\/index.php?rest_route=%2Fwp%2Fv2%2Fmedia&parent=3938"}],"wp:term":[{"taxonomy":"product_brand","embeddable":true,"href":"https:\/\/www.kehl.ind.br\/index.php?rest_route=%2Fwp%2Fv2%2Fproduct_brand&post=3938"},{"taxonomy":"product_cat","embeddable":true,"href":"https:\/\/www.kehl.ind.br\/index.php?rest_route=%2Fwp%2Fv2%2Fproduct_cat&post=3938"},{"taxonomy":"product_tag","embeddable":true,"href":"https:\/\/www.kehl.ind.br\/index.php?rest_route=%2Fwp%2Fv2%2Fproduct_tag&post=3938"}],"curies":[{"name":"wp","href":"https:\/\/api.w.org\/{rel}","templated":true}]}}